{"id":111,"date":"2020-11-12T19:19:32","date_gmt":"2020-11-12T18:19:32","guid":{"rendered":"http:\/\/oldcomp.eu\/?page_id=111"},"modified":"2022-10-04T21:00:15","modified_gmt":"2022-10-04T19:00:15","slug":"plipbox","status":"publish","type":"page","link":"https:\/\/oldcomp.eu\/index.php\/plipbox\/","title":{"rendered":"Plipbox"},"content":{"rendered":"\n<p>Chcete si va\u0161i Amigu p\u0159ipojit k modern\u00ed s\u00edti ethernet? Tak to jste zde spr\u00e1vn\u011b, d\u00edky Plipboxu m\u00e1te tuto mo\u017enost jako na dlani, sta\u010d\u00ed za\u0159\u00edzen\u00ed p\u0159ipojit do paraleln\u00edho portu na va\u0161\u00ed Amize, p\u0159ipojit libovoln\u00e9 nap\u00e1jen\u00ed p\u0159es miniUSB kabel, nap\u0159\u00edklad star\u00e1 nab\u00edje\u010dka s 5V v\u00fdstupem a zapojit s\u00ed\u0165ov\u00fd kabel, ovl\u00e1dac\u00ed software se ji\u017e postar\u00e1 o zbytek a vy m\u016f\u017eete vesele pou\u017e\u00edvat s\u00ed\u0165ov\u00e9 prvky na va\u0161em stroji.<\/p>\n\n\n\n<p>Cena: 1000,-<\/p>\n\n\n\n<figure class=\"wp-block-image\"><img loading=\"lazy\" width=\"1024\" height=\"473\" src=\"http:\/\/oldcomp.eu\/wp-content\/uploads\/2020\/11\/20201112_190028-1-1-1024x473.jpg\" alt=\"\" class=\"wp-image-125\" srcset=\"https:\/\/oldcomp.eu\/wp-content\/uploads\/2020\/11\/20201112_190028-1-1-1024x473.jpg 1024w, https:\/\/oldcomp.eu\/wp-content\/uploads\/2020\/11\/20201112_190028-1-1-300x139.jpg 300w, https:\/\/oldcomp.eu\/wp-content\/uploads\/2020\/11\/20201112_190028-1-1-768x355.jpg 768w\" sizes=\"(max-width: 1024px) 100vw, 1024px\" \/><\/figure>\n\n\n\n<figure class=\"wp-block-image\"><img loading=\"lazy\" width=\"1024\" height=\"473\" src=\"http:\/\/oldcomp.eu\/wp-content\/uploads\/2020\/11\/20201112_190038-1024x473.jpg\" alt=\"\" class=\"wp-image-126\" srcset=\"https:\/\/oldcomp.eu\/wp-content\/uploads\/2020\/11\/20201112_190038-1024x473.jpg 1024w, https:\/\/oldcomp.eu\/wp-content\/uploads\/2020\/11\/20201112_190038-300x139.jpg 300w, https:\/\/oldcomp.eu\/wp-content\/uploads\/2020\/11\/20201112_190038-768x355.jpg 768w\" sizes=\"(max-width: 1024px) 100vw, 1024px\" \/><\/figure>\n\n\n\n<figure class=\"wp-block-image\"><img loading=\"lazy\" width=\"1024\" height=\"473\" src=\"http:\/\/oldcomp.eu\/wp-content\/uploads\/2020\/11\/20201112_190045-1024x473.jpg\" alt=\"\" class=\"wp-image-127\" srcset=\"https:\/\/oldcomp.eu\/wp-content\/uploads\/2020\/11\/20201112_190045-1024x473.jpg 1024w, https:\/\/oldcomp.eu\/wp-content\/uploads\/2020\/11\/20201112_190045-300x139.jpg 300w, https:\/\/oldcomp.eu\/wp-content\/uploads\/2020\/11\/20201112_190045-768x355.jpg 768w\" sizes=\"(max-width: 1024px) 100vw, 1024px\" \/><\/figure>\n","protected":false},"excerpt":{"rendered":"<p>Chcete si va\u0161i Amigu p\u0159ipojit k modern\u00ed s\u00edti ethernet? Tak to jste zde spr\u00e1vn\u011b, d\u00edky Plipboxu m\u00e1te tuto mo\u017enost jako na dlani, sta\u010d\u00ed za\u0159\u00edzen\u00ed p\u0159ipojit do paraleln\u00edho portu na va\u0161\u00ed Amize, p\u0159ipojit libovoln\u00e9 nap\u00e1jen\u00ed p\u0159es miniUSB kabel, nap\u0159\u00edklad star\u00e1 nab\u00edje\u010dka s 5V v\u00fdstupem a zapojit s\u00ed\u0165ov\u00fd kabel, ovl\u00e1dac\u00ed software se ji\u017e postar\u00e1 o zbytek a [&hellip;]<\/p>\n","protected":false},"author":1,"featured_media":0,"parent":0,"menu_order":0,"comment_status":"closed","ping_status":"closed","template":"","meta":[],"_links":{"self":[{"href":"https:\/\/oldcomp.eu\/index.php\/wp-json\/wp\/v2\/pages\/111"}],"collection":[{"href":"https:\/\/oldcomp.eu\/index.php\/wp-json\/wp\/v2\/pages"}],"about":[{"href":"https:\/\/oldcomp.eu\/index.php\/wp-json\/wp\/v2\/types\/page"}],"author":[{"embeddable":true,"href":"https:\/\/oldcomp.eu\/index.php\/wp-json\/wp\/v2\/users\/1"}],"replies":[{"embeddable":true,"href":"https:\/\/oldcomp.eu\/index.php\/wp-json\/wp\/v2\/comments?post=111"}],"version-history":[{"count":7,"href":"https:\/\/oldcomp.eu\/index.php\/wp-json\/wp\/v2\/pages\/111\/revisions"}],"predecessor-version":[{"id":246,"href":"https:\/\/oldcomp.eu\/index.php\/wp-json\/wp\/v2\/pages\/111\/revisions\/246"}],"wp:attachment":[{"href":"https:\/\/oldcomp.eu\/index.php\/wp-json\/wp\/v2\/media?parent=111"}],"curies":[{"name":"wp","href":"https:\/\/api.w.org\/{rel}","templated":true}]}}