{"id":113,"date":"2020-11-12T19:19:41","date_gmt":"2020-11-12T18:19:41","guid":{"rendered":"http:\/\/oldcomp.eu\/?page_id=113"},"modified":"2021-04-27T19:29:08","modified_gmt":"2021-04-27T17:29:08","slug":"tzxduino","status":"publish","type":"page","link":"https:\/\/oldcomp.eu\/index.php\/tzxduino\/","title":{"rendered":"Tzxduino"},"content":{"rendered":"\n<p>Hled\u00e1te n\u00e1hradu za v\u00e1\u0161 zni\u010den\u00fd\/ztracen\u00fd kaze\u0165\u00e1k k ZX Spectru \u010di jeho klon\u016fm, nebo \u017ee jste ho nikdy nem\u011bli? To v\u00e1s u\u017e tr\u00e1pit nemus\u00ed, nyn\u00ed sta\u010d\u00ed m\u00edt Tzxduino a jak\u00fdkoliv software pro va\u0161e Spectrum nahrajete mrknut\u00edm oka, soubory se ukl\u00e1daj\u00ed na SD kartu a pot\u00e9 se software k nahr\u00e1n\u00ed vybere na integrovan\u00e9m LCD displeji. P\u0159ipojen\u00ed prob\u00edh\u00e1 pomoc\u00ed audio jacku a nap\u00e1jen\u00ed pomoc\u00ed mini USB portu, sta\u010d\u00ed pou\u017e\u00edt nap\u0159\u00edklad starou nab\u00edje\u010dku s 5V v\u00fdstupem.<\/p>\n\n\n\n<p>Cena: 600,-<\/p>\n\n\n\n<figure class=\"wp-block-image\"><img loading=\"lazy\" width=\"1024\" height=\"473\" src=\"http:\/\/oldcomp.eu\/wp-content\/uploads\/2020\/11\/20201112_190341-1-1024x473.jpg\" alt=\"\" class=\"wp-image-123\" srcset=\"https:\/\/oldcomp.eu\/wp-content\/uploads\/2020\/11\/20201112_190341-1-1024x473.jpg 1024w, https:\/\/oldcomp.eu\/wp-content\/uploads\/2020\/11\/20201112_190341-1-300x139.jpg 300w, https:\/\/oldcomp.eu\/wp-content\/uploads\/2020\/11\/20201112_190341-1-768x355.jpg 768w\" sizes=\"(max-width: 1024px) 100vw, 1024px\" \/><\/figure>\n\n\n\n<figure class=\"wp-block-image\"><img loading=\"lazy\" width=\"1024\" height=\"473\" src=\"http:\/\/oldcomp.eu\/wp-content\/uploads\/2020\/11\/20201112_190407-1024x473.jpg\" alt=\"\" class=\"wp-image-121\" srcset=\"https:\/\/oldcomp.eu\/wp-content\/uploads\/2020\/11\/20201112_190407-1024x473.jpg 1024w, https:\/\/oldcomp.eu\/wp-content\/uploads\/2020\/11\/20201112_190407-300x139.jpg 300w, https:\/\/oldcomp.eu\/wp-content\/uploads\/2020\/11\/20201112_190407-768x355.jpg 768w\" sizes=\"(max-width: 1024px) 100vw, 1024px\" \/><\/figure>\n\n\n\n<figure class=\"wp-block-image\"><img loading=\"lazy\" width=\"1024\" height=\"473\" src=\"http:\/\/oldcomp.eu\/wp-content\/uploads\/2020\/11\/20201112_190351-1024x473.jpg\" alt=\"\" class=\"wp-image-120\" srcset=\"https:\/\/oldcomp.eu\/wp-content\/uploads\/2020\/11\/20201112_190351-1024x473.jpg 1024w, https:\/\/oldcomp.eu\/wp-content\/uploads\/2020\/11\/20201112_190351-300x139.jpg 300w, https:\/\/oldcomp.eu\/wp-content\/uploads\/2020\/11\/20201112_190351-768x355.jpg 768w\" sizes=\"(max-width: 1024px) 100vw, 1024px\" \/><\/figure>\n","protected":false},"excerpt":{"rendered":"<p>Hled\u00e1te n\u00e1hradu za v\u00e1\u0161 zni\u010den\u00fd\/ztracen\u00fd kaze\u0165\u00e1k k ZX Spectru \u010di jeho klon\u016fm, nebo \u017ee jste ho nikdy nem\u011bli? To v\u00e1s u\u017e tr\u00e1pit nemus\u00ed, nyn\u00ed sta\u010d\u00ed m\u00edt Tzxduino a jak\u00fdkoliv software pro va\u0161e Spectrum nahrajete mrknut\u00edm oka, soubory se ukl\u00e1daj\u00ed na SD kartu a pot\u00e9 se software k nahr\u00e1n\u00ed vybere na integrovan\u00e9m LCD displeji. P\u0159ipojen\u00ed prob\u00edh\u00e1 [&hellip;]<\/p>\n","protected":false},"author":1,"featured_media":0,"parent":0,"menu_order":0,"comment_status":"closed","ping_status":"closed","template":"","meta":[],"_links":{"self":[{"href":"https:\/\/oldcomp.eu\/index.php\/wp-json\/wp\/v2\/pages\/113"}],"collection":[{"href":"https:\/\/oldcomp.eu\/index.php\/wp-json\/wp\/v2\/pages"}],"about":[{"href":"https:\/\/oldcomp.eu\/index.php\/wp-json\/wp\/v2\/types\/page"}],"author":[{"embeddable":true,"href":"https:\/\/oldcomp.eu\/index.php\/wp-json\/wp\/v2\/users\/1"}],"replies":[{"embeddable":true,"href":"https:\/\/oldcomp.eu\/index.php\/wp-json\/wp\/v2\/comments?post=113"}],"version-history":[{"count":6,"href":"https:\/\/oldcomp.eu\/index.php\/wp-json\/wp\/v2\/pages\/113\/revisions"}],"predecessor-version":[{"id":221,"href":"https:\/\/oldcomp.eu\/index.php\/wp-json\/wp\/v2\/pages\/113\/revisions\/221"}],"wp:attachment":[{"href":"https:\/\/oldcomp.eu\/index.php\/wp-json\/wp\/v2\/media?parent=113"}],"curies":[{"name":"wp","href":"https:\/\/api.w.org\/{rel}","templated":true}]}}