{"id":115,"date":"2020-11-12T19:20:20","date_gmt":"2020-11-12T18:20:20","guid":{"rendered":"http:\/\/oldcomp.eu\/?page_id=115"},"modified":"2022-10-04T20:51:05","modified_gmt":"2022-10-04T18:51:05","slug":"tapecart","status":"publish","type":"page","link":"https:\/\/oldcomp.eu\/index.php\/tapecart\/","title":{"rendered":"Tapecart"},"content":{"rendered":"\n<p>Hled\u00e1te emul\u00e1tor floppy mechaniky pro v\u00e1\u0161 8bit Commodore stroj? Tak u\u017e nehledejte, Tapecart je toti\u017e p\u0159esn\u011b to co pot\u0159ebujete,  d\u00edky grafick\u00e9mu rozhran\u00ed si na obrazovce vyberete va\u0161i obl\u00edbenou hru a jednoduch\u00fdm stisknut\u00edm na kl\u00e1vesnici ji do po\u010d\u00edta\u010de nahrajete. Hry se ukl\u00e1daj\u00ed na klasickou SD kartu, pop\u0159\u00edpad\u011b microSD v redukci.<\/p>\n\n\n<p>Cena: 700,-<\/p>\n\n\n<figure class=\"wp-block-image\"><img loading=\"lazy\" width=\"1024\" height=\"473\" src=\"http:\/\/oldcomp.eu\/wp-content\/uploads\/2020\/11\/20201112_190004-1-1024x473.jpg\" alt=\"\" class=\"wp-image-129\" srcset=\"https:\/\/oldcomp.eu\/wp-content\/uploads\/2020\/11\/20201112_190004-1-1024x473.jpg 1024w, https:\/\/oldcomp.eu\/wp-content\/uploads\/2020\/11\/20201112_190004-1-300x139.jpg 300w, https:\/\/oldcomp.eu\/wp-content\/uploads\/2020\/11\/20201112_190004-1-768x355.jpg 768w\" sizes=\"(max-width: 1024px) 100vw, 1024px\" \/><\/figure>\n\n\n\n<figure class=\"wp-block-image\"><img loading=\"lazy\" width=\"1024\" height=\"473\" src=\"http:\/\/oldcomp.eu\/wp-content\/uploads\/2020\/11\/20201112_190012-1024x473.jpg\" alt=\"\" class=\"wp-image-130\" srcset=\"https:\/\/oldcomp.eu\/wp-content\/uploads\/2020\/11\/20201112_190012-1024x473.jpg 1024w, https:\/\/oldcomp.eu\/wp-content\/uploads\/2020\/11\/20201112_190012-300x139.jpg 300w, https:\/\/oldcomp.eu\/wp-content\/uploads\/2020\/11\/20201112_190012-768x355.jpg 768w\" sizes=\"(max-width: 1024px) 100vw, 1024px\" \/><\/figure>\n\n\n\n<p><\/p>\n","protected":false},"excerpt":{"rendered":"<p>Hled\u00e1te emul\u00e1tor floppy mechaniky pro v\u00e1\u0161 8bit Commodore stroj? Tak u\u017e nehledejte, Tapecart je toti\u017e p\u0159esn\u011b to co pot\u0159ebujete, d\u00edky grafick\u00e9mu rozhran\u00ed si na obrazovce vyberete va\u0161i obl\u00edbenou hru a jednoduch\u00fdm stisknut\u00edm na kl\u00e1vesnici ji do po\u010d\u00edta\u010de nahrajete. Hry se ukl\u00e1daj\u00ed na klasickou SD kartu, pop\u0159\u00edpad\u011b microSD v redukci. Cena: 700,-<\/p>\n","protected":false},"author":1,"featured_media":0,"parent":0,"menu_order":0,"comment_status":"closed","ping_status":"closed","template":"","meta":[],"_links":{"self":[{"href":"https:\/\/oldcomp.eu\/index.php\/wp-json\/wp\/v2\/pages\/115"}],"collection":[{"href":"https:\/\/oldcomp.eu\/index.php\/wp-json\/wp\/v2\/pages"}],"about":[{"href":"https:\/\/oldcomp.eu\/index.php\/wp-json\/wp\/v2\/types\/page"}],"author":[{"embeddable":true,"href":"https:\/\/oldcomp.eu\/index.php\/wp-json\/wp\/v2\/users\/1"}],"replies":[{"embeddable":true,"href":"https:\/\/oldcomp.eu\/index.php\/wp-json\/wp\/v2\/comments?post=115"}],"version-history":[{"count":6,"href":"https:\/\/oldcomp.eu\/index.php\/wp-json\/wp\/v2\/pages\/115\/revisions"}],"predecessor-version":[{"id":228,"href":"https:\/\/oldcomp.eu\/index.php\/wp-json\/wp\/v2\/pages\/115\/revisions\/228"}],"wp:attachment":[{"href":"https:\/\/oldcomp.eu\/index.php\/wp-json\/wp\/v2\/media?parent=115"}],"curies":[{"name":"wp","href":"https:\/\/api.w.org\/{rel}","templated":true}]}}