{"id":158,"date":"2020-11-12T19:57:22","date_gmt":"2020-11-12T18:57:22","guid":{"rendered":"http:\/\/oldcomp.eu\/?page_id=158"},"modified":"2021-02-16T13:50:48","modified_gmt":"2021-02-16T12:50:48","slug":"bootselector","status":"publish","type":"page","link":"https:\/\/oldcomp.eu\/index.php\/bootselector\/","title":{"rendered":"BootSelector"},"content":{"rendered":"\n<p>Pot\u0159ebujete p\u0159ehazovat mezi intern\u00ed mechanikou a gotekem? Nen\u00ed nic jednodu\u0161\u00edho ne\u017e vyu\u017e\u00edt BootSelector, norm\u00e1ln\u011b je extern\u00ed mechanika jako DF1 a intern\u00ed jako DF0, pokud ale pot\u0159ebujete nabootovat z extern\u00ed mechaniky, p\u0159epnete p\u0159ep\u00edna\u010d a r\u00e1zem je extern\u00ed mechanika jako DF0 a intern\u00ed jako DF1. <\/p>\n\n\n\n<p>Cena: 300,-<\/p>\n\n\n\n<figure class=\"wp-block-image\"><img loading=\"lazy\" width=\"1024\" height=\"473\" src=\"http:\/\/oldcomp.eu\/wp-content\/uploads\/2020\/11\/20201109_122309-2-1024x473.jpg\" alt=\"\" class=\"wp-image-159\" srcset=\"https:\/\/oldcomp.eu\/wp-content\/uploads\/2020\/11\/20201109_122309-2-1024x473.jpg 1024w, https:\/\/oldcomp.eu\/wp-content\/uploads\/2020\/11\/20201109_122309-2-300x139.jpg 300w, https:\/\/oldcomp.eu\/wp-content\/uploads\/2020\/11\/20201109_122309-2-768x355.jpg 768w\" sizes=\"(max-width: 1024px) 100vw, 1024px\" \/><\/figure>\n\n\n\n<figure class=\"wp-block-image\"><img loading=\"lazy\" width=\"1024\" height=\"473\" src=\"http:\/\/oldcomp.eu\/wp-content\/uploads\/2020\/11\/20201109_122304-1024x473.jpg\" alt=\"\" class=\"wp-image-160\" srcset=\"https:\/\/oldcomp.eu\/wp-content\/uploads\/2020\/11\/20201109_122304-1024x473.jpg 1024w, https:\/\/oldcomp.eu\/wp-content\/uploads\/2020\/11\/20201109_122304-300x139.jpg 300w, https:\/\/oldcomp.eu\/wp-content\/uploads\/2020\/11\/20201109_122304-768x355.jpg 768w\" sizes=\"(max-width: 1024px) 100vw, 1024px\" \/><\/figure>\n","protected":false},"excerpt":{"rendered":"<p>Pot\u0159ebujete p\u0159ehazovat mezi intern\u00ed mechanikou a gotekem? Nen\u00ed nic jednodu\u0161\u00edho ne\u017e vyu\u017e\u00edt BootSelector, norm\u00e1ln\u011b je extern\u00ed mechanika jako DF1 a intern\u00ed jako DF0, pokud ale pot\u0159ebujete nabootovat z extern\u00ed mechaniky, p\u0159epnete p\u0159ep\u00edna\u010d a r\u00e1zem je extern\u00ed mechanika jako DF0 a intern\u00ed jako DF1. Cena: 300,-<\/p>\n","protected":false},"author":1,"featured_media":0,"parent":0,"menu_order":0,"comment_status":"closed","ping_status":"closed","template":"","meta":[],"_links":{"self":[{"href":"https:\/\/oldcomp.eu\/index.php\/wp-json\/wp\/v2\/pages\/158"}],"collection":[{"href":"https:\/\/oldcomp.eu\/index.php\/wp-json\/wp\/v2\/pages"}],"about":[{"href":"https:\/\/oldcomp.eu\/index.php\/wp-json\/wp\/v2\/types\/page"}],"author":[{"embeddable":true,"href":"https:\/\/oldcomp.eu\/index.php\/wp-json\/wp\/v2\/users\/1"}],"replies":[{"embeddable":true,"href":"https:\/\/oldcomp.eu\/index.php\/wp-json\/wp\/v2\/comments?post=158"}],"version-history":[{"count":3,"href":"https:\/\/oldcomp.eu\/index.php\/wp-json\/wp\/v2\/pages\/158\/revisions"}],"predecessor-version":[{"id":212,"href":"https:\/\/oldcomp.eu\/index.php\/wp-json\/wp\/v2\/pages\/158\/revisions\/212"}],"wp:attachment":[{"href":"https:\/\/oldcomp.eu\/index.php\/wp-json\/wp\/v2\/media?parent=158"}],"curies":[{"name":"wp","href":"https:\/\/api.w.org\/{rel}","templated":true}]}}