{"id":201,"date":"2021-02-16T13:45:39","date_gmt":"2021-02-16T12:45:39","guid":{"rendered":"http:\/\/oldcomp.eu\/?page_id=201"},"modified":"2021-02-16T13:54:52","modified_gmt":"2021-02-16T12:54:52","slug":"ram-a500","status":"publish","type":"page","link":"https:\/\/oldcomp.eu\/index.php\/ram-a500\/","title":{"rendered":"Ram A500"},"content":{"rendered":"\n<p>Pot\u0159ebujete nav\u00fd\u0161it opera\u010dn\u00ed pam\u011b\u0165 va\u0161eho stroje? Sta\u010d\u00ed vlo\u017eit tuto kartu do &#8222;Trapdoor&#8220; a karta v\u00e1m p\u0159id\u00e1 512KB pam\u011bti pro v\u00e1\u0161 stroj.<\/p>\n\n\n\n<p>Cena: 450,-<\/p>\n\n\n\n<figure class=\"wp-block-image\"><img loading=\"lazy\" width=\"960\" height=\"443\" src=\"http:\/\/oldcomp.eu\/wp-content\/uploads\/2021\/02\/150410480_416854016282850_3284505309406363761_n.jpg\" alt=\"\" class=\"wp-image-185\" srcset=\"https:\/\/oldcomp.eu\/wp-content\/uploads\/2021\/02\/150410480_416854016282850_3284505309406363761_n.jpg 960w, https:\/\/oldcomp.eu\/wp-content\/uploads\/2021\/02\/150410480_416854016282850_3284505309406363761_n-300x138.jpg 300w, https:\/\/oldcomp.eu\/wp-content\/uploads\/2021\/02\/150410480_416854016282850_3284505309406363761_n-768x354.jpg 768w\" sizes=\"(max-width: 960px) 100vw, 960px\" \/><\/figure>\n","protected":false},"excerpt":{"rendered":"<p>Pot\u0159ebujete nav\u00fd\u0161it opera\u010dn\u00ed pam\u011b\u0165 va\u0161eho stroje? Sta\u010d\u00ed vlo\u017eit tuto kartu do &#8222;Trapdoor&#8220; a karta v\u00e1m p\u0159id\u00e1 512KB pam\u011bti pro v\u00e1\u0161 stroj. Cena: 450,-<\/p>\n","protected":false},"author":1,"featured_media":0,"parent":0,"menu_order":0,"comment_status":"closed","ping_status":"closed","template":"","meta":[],"_links":{"self":[{"href":"https:\/\/oldcomp.eu\/index.php\/wp-json\/wp\/v2\/pages\/201"}],"collection":[{"href":"https:\/\/oldcomp.eu\/index.php\/wp-json\/wp\/v2\/pages"}],"about":[{"href":"https:\/\/oldcomp.eu\/index.php\/wp-json\/wp\/v2\/types\/page"}],"author":[{"embeddable":true,"href":"https:\/\/oldcomp.eu\/index.php\/wp-json\/wp\/v2\/users\/1"}],"replies":[{"embeddable":true,"href":"https:\/\/oldcomp.eu\/index.php\/wp-json\/wp\/v2\/comments?post=201"}],"version-history":[{"count":4,"href":"https:\/\/oldcomp.eu\/index.php\/wp-json\/wp\/v2\/pages\/201\/revisions"}],"predecessor-version":[{"id":215,"href":"https:\/\/oldcomp.eu\/index.php\/wp-json\/wp\/v2\/pages\/201\/revisions\/215"}],"wp:attachment":[{"href":"https:\/\/oldcomp.eu\/index.php\/wp-json\/wp\/v2\/media?parent=201"}],"curies":[{"name":"wp","href":"https:\/\/api.w.org\/{rel}","templated":true}]}}