{"id":240,"date":"2022-10-04T20:58:14","date_gmt":"2022-10-04T18:58:14","guid":{"rendered":"https:\/\/oldcomp.eu\/?page_id=240"},"modified":"2022-10-04T20:59:29","modified_gmt":"2022-10-04T18:59:29","slug":"rascsi","status":"publish","type":"page","link":"https:\/\/oldcomp.eu\/index.php\/rascsi\/","title":{"rendered":"RaSCSI"},"content":{"rendered":"\n<p>Emul\u00e1tor SCSI disk\u016f s ovl\u00e1d\u00e1n\u00edm p\u0159es webov\u00e9 rozhran\u00ed. Toto je samostatn\u011b nefunk\u010dn\u00ed. Je t\u0159eba si dokoupit nap\u0159\u00edklad Raspberry Pi zero, zero2, 3B+<\/p>\n\n\n\n<p>Cena: 500,-<\/p>\n\n\n\n<figure class=\"wp-block-image size-large\"><img loading=\"lazy\" width=\"1024\" height=\"471\" src=\"http:\/\/oldcomp.eu\/wp-content\/uploads\/2022\/10\/310367230_591049442805982_1336623102771996485_n-1024x471.jpg\" alt=\"\" class=\"wp-image-232\" srcset=\"https:\/\/oldcomp.eu\/wp-content\/uploads\/2022\/10\/310367230_591049442805982_1336623102771996485_n-1024x471.jpg 1024w, https:\/\/oldcomp.eu\/wp-content\/uploads\/2022\/10\/310367230_591049442805982_1336623102771996485_n-300x138.jpg 300w, https:\/\/oldcomp.eu\/wp-content\/uploads\/2022\/10\/310367230_591049442805982_1336623102771996485_n-768x353.jpg 768w, https:\/\/oldcomp.eu\/wp-content\/uploads\/2022\/10\/310367230_591049442805982_1336623102771996485_n-1536x707.jpg 1536w, https:\/\/oldcomp.eu\/wp-content\/uploads\/2022\/10\/310367230_591049442805982_1336623102771996485_n.jpg 2000w\" sizes=\"(max-width: 1024px) 100vw, 1024px\" \/><\/figure>\n","protected":false},"excerpt":{"rendered":"<p>Emul\u00e1tor SCSI disk\u016f s ovl\u00e1d\u00e1n\u00edm p\u0159es webov\u00e9 rozhran\u00ed. Toto je samostatn\u011b nefunk\u010dn\u00ed. Je t\u0159eba si dokoupit nap\u0159\u00edklad Raspberry Pi zero, zero2, 3B+ Cena: 500,-<\/p>\n","protected":false},"author":1,"featured_media":0,"parent":0,"menu_order":0,"comment_status":"closed","ping_status":"closed","template":"","meta":[],"_links":{"self":[{"href":"https:\/\/oldcomp.eu\/index.php\/wp-json\/wp\/v2\/pages\/240"}],"collection":[{"href":"https:\/\/oldcomp.eu\/index.php\/wp-json\/wp\/v2\/pages"}],"about":[{"href":"https:\/\/oldcomp.eu\/index.php\/wp-json\/wp\/v2\/types\/page"}],"author":[{"embeddable":true,"href":"https:\/\/oldcomp.eu\/index.php\/wp-json\/wp\/v2\/users\/1"}],"replies":[{"embeddable":true,"href":"https:\/\/oldcomp.eu\/index.php\/wp-json\/wp\/v2\/comments?post=240"}],"version-history":[{"count":2,"href":"https:\/\/oldcomp.eu\/index.php\/wp-json\/wp\/v2\/pages\/240\/revisions"}],"predecessor-version":[{"id":244,"href":"https:\/\/oldcomp.eu\/index.php\/wp-json\/wp\/v2\/pages\/240\/revisions\/244"}],"wp:attachment":[{"href":"https:\/\/oldcomp.eu\/index.php\/wp-json\/wp\/v2\/media?parent=240"}],"curies":[{"name":"wp","href":"https:\/\/api.w.org\/{rel}","templated":true}]}}