{"id":77,"date":"2020-11-12T18:46:32","date_gmt":"2020-11-12T17:46:32","guid":{"rendered":"http:\/\/oldcomp.eu\/?page_id=77"},"modified":"2022-10-04T20:58:27","modified_gmt":"2022-10-04T18:58:27","slug":"co-nabizim-vyrabim","status":"publish","type":"page","link":"https:\/\/oldcomp.eu\/index.php\/co-nabizim-vyrabim\/","title":{"rendered":"Co nab\u00edz\u00edm\/vyr\u00e1b\u00edm"},"content":{"rendered":"\n<div class=\"wp-block-image\"><figure class=\"aligncenter\"><a href=\"http:\/\/oldcomp.eu\/index.php\/ram-a500\/\"><img loading=\"lazy\" width=\"960\" height=\"443\" src=\"http:\/\/oldcomp.eu\/wp-content\/uploads\/2021\/02\/150410480_416854016282850_3284505309406363761_n.jpg\" alt=\"\" class=\"wp-image-185\" srcset=\"https:\/\/oldcomp.eu\/wp-content\/uploads\/2021\/02\/150410480_416854016282850_3284505309406363761_n.jpg 960w, https:\/\/oldcomp.eu\/wp-content\/uploads\/2021\/02\/150410480_416854016282850_3284505309406363761_n-300x138.jpg 300w, https:\/\/oldcomp.eu\/wp-content\/uploads\/2021\/02\/150410480_416854016282850_3284505309406363761_n-768x354.jpg 768w\" sizes=\"(max-width: 960px) 100vw, 960px\" \/><\/a><figcaption><strong>P\u0159\u00eddavn\u00e1 RAM A500 &#8211; 512KB<\/strong><br>(pro podrobnosti klikn\u011bte na obr\u00e1zek) <br><\/figcaption><\/figure><\/div>\n\n\n\n<div class=\"wp-block-image\"><figure class=\"aligncenter\"><a href=\"http:\/\/oldcomp.eu\/index.php\/dandanator\/\"><img loading=\"lazy\" width=\"960\" height=\"443\" src=\"http:\/\/oldcomp.eu\/wp-content\/uploads\/2021\/02\/150572314_873227676570833_5499114854707716567_n.jpg\" alt=\"\" class=\"wp-image-187\" srcset=\"https:\/\/oldcomp.eu\/wp-content\/uploads\/2021\/02\/150572314_873227676570833_5499114854707716567_n.jpg 960w, https:\/\/oldcomp.eu\/wp-content\/uploads\/2021\/02\/150572314_873227676570833_5499114854707716567_n-300x138.jpg 300w, https:\/\/oldcomp.eu\/wp-content\/uploads\/2021\/02\/150572314_873227676570833_5499114854707716567_n-768x354.jpg 768w\" sizes=\"(max-width: 960px) 100vw, 960px\" \/><\/a><figcaption><strong>Dandanator &#8211; ZX spectrum<\/strong><br>(pro podrobnosti klikn\u011bte na obr\u00e1zek) <br><\/figcaption><\/figure><\/div>\n\n\n\n<div class=\"wp-block-image\"><figure class=\"aligncenter\"><a href=\"http:\/\/oldcomp.eu\/index.php\/sio2arduino\/\"><img loading=\"lazy\" width=\"4608\" height=\"2128\" src=\"http:\/\/oldcomp.eu\/wp-content\/uploads\/2020\/11\/20201111_175903-1.jpg\" alt=\"\" class=\"wp-image-94\" srcset=\"https:\/\/oldcomp.eu\/wp-content\/uploads\/2020\/11\/20201111_175903-1.jpg 4608w, https:\/\/oldcomp.eu\/wp-content\/uploads\/2020\/11\/20201111_175903-1-300x139.jpg 300w, https:\/\/oldcomp.eu\/wp-content\/uploads\/2020\/11\/20201111_175903-1-768x355.jpg 768w, https:\/\/oldcomp.eu\/wp-content\/uploads\/2020\/11\/20201111_175903-1-1024x473.jpg 1024w\" sizes=\"(max-width: 4608px) 100vw, 4608px\" \/><\/a><figcaption> <br><strong>SIO -&gt; Arduino verze Mini <\/strong><br>(pro podrobnosti klikn\u011bte na obr\u00e1zek) <br><br><\/figcaption><\/figure><\/div>\n\n\n\n<div class=\"wp-block-image\"><figure class=\"aligncenter\"><a href=\"http:\/\/oldcomp.eu\/index.php\/plipbox\/\"><img loading=\"lazy\" width=\"1024\" height=\"473\" src=\"http:\/\/oldcomp.eu\/wp-content\/uploads\/2020\/11\/20201112_190028-1-1024x473.jpg\" alt=\"\" class=\"wp-image-106\" srcset=\"https:\/\/oldcomp.eu\/wp-content\/uploads\/2020\/11\/20201112_190028-1-1024x473.jpg 1024w, https:\/\/oldcomp.eu\/wp-content\/uploads\/2020\/11\/20201112_190028-1-300x139.jpg 300w, https:\/\/oldcomp.eu\/wp-content\/uploads\/2020\/11\/20201112_190028-1-768x355.jpg 768w\" sizes=\"(max-width: 1024px) 100vw, 1024px\" \/><\/a><figcaption><strong> Plipbox  <\/strong><br>(pro podrobnosti klikn\u011bte na obr\u00e1zek)  <br><br><\/figcaption><\/figure><\/div>\n\n\n\n<div class=\"wp-block-image\"><figure class=\"aligncenter\"><a href=\"http:\/\/oldcomp.eu\/index.php\/tapecart\/\"><img loading=\"lazy\" width=\"1024\" height=\"473\" src=\"http:\/\/oldcomp.eu\/wp-content\/uploads\/2020\/11\/20201112_190004-1-1024x473.jpg\" alt=\"\" class=\"wp-image-129\" srcset=\"https:\/\/oldcomp.eu\/wp-content\/uploads\/2020\/11\/20201112_190004-1-1024x473.jpg 1024w, https:\/\/oldcomp.eu\/wp-content\/uploads\/2020\/11\/20201112_190004-1-300x139.jpg 300w, https:\/\/oldcomp.eu\/wp-content\/uploads\/2020\/11\/20201112_190004-1-768x355.jpg 768w\" sizes=\"(max-width: 1024px) 100vw, 1024px\" \/><\/a><figcaption><strong> Tapecart<\/strong><br>(pro podrobnosti klikn\u011bte na obr\u00e1zek)   <\/figcaption><\/figure><\/div>\n\n\n\n<div class=\"wp-block-image\"><figure class=\"aligncenter\"><a href=\"http:\/\/oldcomp.eu\/index.php\/ps2-mouse-atari-amiga\/\"><img loading=\"lazy\" width=\"960\" height=\"443\" src=\"http:\/\/oldcomp.eu\/wp-content\/uploads\/2021\/02\/151467209_466279061038115_7457669921588527190_n.jpg\" alt=\"\" class=\"wp-image-179\" srcset=\"https:\/\/oldcomp.eu\/wp-content\/uploads\/2021\/02\/151467209_466279061038115_7457669921588527190_n.jpg 960w, https:\/\/oldcomp.eu\/wp-content\/uploads\/2021\/02\/151467209_466279061038115_7457669921588527190_n-300x138.jpg 300w, https:\/\/oldcomp.eu\/wp-content\/uploads\/2021\/02\/151467209_466279061038115_7457669921588527190_n-768x354.jpg 768w\" sizes=\"(max-width: 960px) 100vw, 960px\" \/><\/a><figcaption><strong> PS2Mouse <\/strong><br>(pro podrobnosti klikn\u011bte na obr\u00e1zek)    <\/figcaption><\/figure><\/div>\n\n\n\n<div class=\"wp-block-image\"><figure class=\"aligncenter\"><a href=\"http:\/\/oldcomp.eu\/index.php\/bootselector\/\"><img loading=\"lazy\" width=\"1024\" height=\"473\" src=\"http:\/\/oldcomp.eu\/wp-content\/uploads\/2020\/11\/20201109_122309-3-1024x473.jpg\" alt=\"\" class=\"wp-image-165\" srcset=\"https:\/\/oldcomp.eu\/wp-content\/uploads\/2020\/11\/20201109_122309-3-1024x473.jpg 1024w, https:\/\/oldcomp.eu\/wp-content\/uploads\/2020\/11\/20201109_122309-3-300x139.jpg 300w, https:\/\/oldcomp.eu\/wp-content\/uploads\/2020\/11\/20201109_122309-3-768x355.jpg 768w\" sizes=\"(max-width: 1024px) 100vw, 1024px\" \/><\/a><figcaption><strong> BootSelector<\/strong> <br>(pro podrobnosti klikn\u011bte na obr\u00e1zek)     <\/figcaption><\/figure><\/div>\n\n\n\n<figure class=\"wp-block-image size-large\"><a href=\"https:\/\/oldcomp.eu\/index.php\/bluescsi\/\"><img loading=\"lazy\" width=\"1024\" height=\"471\" src=\"https:\/\/oldcomp.eu\/wp-content\/uploads\/2022\/10\/310934994_815754126122725_2070514156526503736_n-1024x471.jpg\" alt=\"\" class=\"wp-image-231\" srcset=\"https:\/\/oldcomp.eu\/wp-content\/uploads\/2022\/10\/310934994_815754126122725_2070514156526503736_n-1024x471.jpg 1024w, https:\/\/oldcomp.eu\/wp-content\/uploads\/2022\/10\/310934994_815754126122725_2070514156526503736_n-300x138.jpg 300w, https:\/\/oldcomp.eu\/wp-content\/uploads\/2022\/10\/310934994_815754126122725_2070514156526503736_n-768x353.jpg 768w, https:\/\/oldcomp.eu\/wp-content\/uploads\/2022\/10\/310934994_815754126122725_2070514156526503736_n-1536x707.jpg 1536w, https:\/\/oldcomp.eu\/wp-content\/uploads\/2022\/10\/310934994_815754126122725_2070514156526503736_n.jpg 2000w\" sizes=\"(max-width: 1024px) 100vw, 1024px\" \/><\/a><figcaption>BlueSCSI<br>(pro podrobnosti klikn\u011bte na obr\u00e1zek)<\/figcaption><\/figure>\n\n\n\n<figure class=\"wp-block-image size-large\"><a href=\"https:\/\/oldcomp.eu\/index.php\/rascsi\/\"><img loading=\"lazy\" width=\"1024\" height=\"471\" src=\"https:\/\/oldcomp.eu\/wp-content\/uploads\/2022\/10\/310367230_591049442805982_1336623102771996485_n-1024x471.jpg\" alt=\"\" class=\"wp-image-232\" srcset=\"https:\/\/oldcomp.eu\/wp-content\/uploads\/2022\/10\/310367230_591049442805982_1336623102771996485_n-1024x471.jpg 1024w, https:\/\/oldcomp.eu\/wp-content\/uploads\/2022\/10\/310367230_591049442805982_1336623102771996485_n-300x138.jpg 300w, https:\/\/oldcomp.eu\/wp-content\/uploads\/2022\/10\/310367230_591049442805982_1336623102771996485_n-768x353.jpg 768w, https:\/\/oldcomp.eu\/wp-content\/uploads\/2022\/10\/310367230_591049442805982_1336623102771996485_n-1536x707.jpg 1536w, https:\/\/oldcomp.eu\/wp-content\/uploads\/2022\/10\/310367230_591049442805982_1336623102771996485_n.jpg 2000w\" sizes=\"(max-width: 1024px) 100vw, 1024px\" \/><\/a><figcaption><strong>RaSCSI<\/strong><br>(pro podrobnosti klikn\u011bte na obr\u00e1zek)<\/figcaption><\/figure>\n\n\n\n<p><\/p>\n","protected":false},"excerpt":{"rendered":"","protected":false},"author":1,"featured_media":0,"parent":0,"menu_order":0,"comment_status":"closed","ping_status":"closed","template":"","meta":[],"_links":{"self":[{"href":"https:\/\/oldcomp.eu\/index.php\/wp-json\/wp\/v2\/pages\/77"}],"collection":[{"href":"https:\/\/oldcomp.eu\/index.php\/wp-json\/wp\/v2\/pages"}],"about":[{"href":"https:\/\/oldcomp.eu\/index.php\/wp-json\/wp\/v2\/types\/page"}],"author":[{"embeddable":true,"href":"https:\/\/oldcomp.eu\/index.php\/wp-json\/wp\/v2\/users\/1"}],"replies":[{"embeddable":true,"href":"https:\/\/oldcomp.eu\/index.php\/wp-json\/wp\/v2\/comments?post=77"}],"version-history":[{"count":52,"href":"https:\/\/oldcomp.eu\/index.php\/wp-json\/wp\/v2\/pages\/77\/revisions"}],"predecessor-version":[{"id":242,"href":"https:\/\/oldcomp.eu\/index.php\/wp-json\/wp\/v2\/pages\/77\/revisions\/242"}],"wp:attachment":[{"href":"https:\/\/oldcomp.eu\/index.php\/wp-json\/wp\/v2\/media?parent=77"}],"curies":[{"name":"wp","href":"https:\/\/api.w.org\/{rel}","templated":true}]}}