{"id":91,"date":"2020-11-12T19:05:51","date_gmt":"2020-11-12T18:05:51","guid":{"rendered":"http:\/\/oldcomp.eu\/?page_id=91"},"modified":"2022-10-04T21:00:06","modified_gmt":"2022-10-04T19:00:06","slug":"sio2arduino","status":"publish","type":"page","link":"https:\/\/oldcomp.eu\/index.php\/sio2arduino\/","title":{"rendered":"Sio2Arduino"},"content":{"rendered":"\n<p>Obl\u00edben\u00fd dopln\u011bk pro va\u0161e Atari, kter\u00fd p\u0159es SIO konektor dok\u00e1\u017ee emulovat Floppy mechaniku, sta\u010d\u00ed pouze vlo\u017eit microSD kartu do slotu se speci\u00e1ln\u00edm zavad\u011b\u010dem a neomezen\u00fdm po\u010dtem her, pot\u00e9 nastartovat va\u0161e Atari s dr\u017een\u00edm kl\u00e1vesy Option a vlo\u017een\u00fdm Sio2Arduino v Sio slotu a va\u0161e Atari nabootuje do speci\u00e1ln\u00edho zavad\u011b\u010de, odkud ji\u017e v pln\u011b grafick\u00e9m rozhran\u00ed vyberete va\u0161i obl\u00edbenou hru a b\u011bhem p\u00e1r vte\u0159in si ji\u017e m\u016f\u017eete u\u017e\u00edvat hran\u00ed na tomto b\u00e1je\u010dn\u00e9m stroji.<\/p>\n\n\n\n<p>Cena: 800,-<\/p>\n\n\n\n<figure class=\"wp-block-image\"><img loading=\"lazy\" width=\"1024\" height=\"473\" src=\"http:\/\/oldcomp.eu\/wp-content\/uploads\/2020\/11\/20201111_175922-1-1024x473.jpg\" alt=\"\" class=\"wp-image-92\" srcset=\"https:\/\/oldcomp.eu\/wp-content\/uploads\/2020\/11\/20201111_175922-1-1024x473.jpg 1024w, https:\/\/oldcomp.eu\/wp-content\/uploads\/2020\/11\/20201111_175922-1-300x139.jpg 300w, https:\/\/oldcomp.eu\/wp-content\/uploads\/2020\/11\/20201111_175922-1-768x355.jpg 768w\" sizes=\"(max-width: 1024px) 100vw, 1024px\" \/><\/figure>\n\n\n\n<figure class=\"wp-block-image\"><img loading=\"lazy\" width=\"1024\" height=\"473\" src=\"http:\/\/oldcomp.eu\/wp-content\/uploads\/2020\/11\/20201111_175903-1-1024x473.jpg\" alt=\"\" class=\"wp-image-94\" srcset=\"https:\/\/oldcomp.eu\/wp-content\/uploads\/2020\/11\/20201111_175903-1-1024x473.jpg 1024w, https:\/\/oldcomp.eu\/wp-content\/uploads\/2020\/11\/20201111_175903-1-300x139.jpg 300w, https:\/\/oldcomp.eu\/wp-content\/uploads\/2020\/11\/20201111_175903-1-768x355.jpg 768w\" sizes=\"(max-width: 1024px) 100vw, 1024px\" \/><\/figure>\n\n\n\n<figure class=\"wp-block-image\"><img loading=\"lazy\" width=\"1024\" height=\"473\" src=\"http:\/\/oldcomp.eu\/wp-content\/uploads\/2020\/11\/20201111_175917-1-1024x473.jpg\" alt=\"\" class=\"wp-image-93\" srcset=\"https:\/\/oldcomp.eu\/wp-content\/uploads\/2020\/11\/20201111_175917-1-1024x473.jpg 1024w, https:\/\/oldcomp.eu\/wp-content\/uploads\/2020\/11\/20201111_175917-1-300x139.jpg 300w, https:\/\/oldcomp.eu\/wp-content\/uploads\/2020\/11\/20201111_175917-1-768x355.jpg 768w\" sizes=\"(max-width: 1024px) 100vw, 1024px\" \/><\/figure>\n","protected":false},"excerpt":{"rendered":"<p>Obl\u00edben\u00fd dopln\u011bk pro va\u0161e Atari, kter\u00fd p\u0159es SIO konektor dok\u00e1\u017ee emulovat Floppy mechaniku, sta\u010d\u00ed pouze vlo\u017eit microSD kartu do slotu se speci\u00e1ln\u00edm zavad\u011b\u010dem a neomezen\u00fdm po\u010dtem her, pot\u00e9 nastartovat va\u0161e Atari s dr\u017een\u00edm kl\u00e1vesy Option a vlo\u017een\u00fdm Sio2Arduino v Sio slotu a va\u0161e Atari nabootuje do speci\u00e1ln\u00edho zavad\u011b\u010de, odkud ji\u017e v pln\u011b grafick\u00e9m rozhran\u00ed vyberete [&hellip;]<\/p>\n","protected":false},"author":1,"featured_media":0,"parent":0,"menu_order":0,"comment_status":"closed","ping_status":"closed","template":"","meta":[],"_links":{"self":[{"href":"https:\/\/oldcomp.eu\/index.php\/wp-json\/wp\/v2\/pages\/91"}],"collection":[{"href":"https:\/\/oldcomp.eu\/index.php\/wp-json\/wp\/v2\/pages"}],"about":[{"href":"https:\/\/oldcomp.eu\/index.php\/wp-json\/wp\/v2\/types\/page"}],"author":[{"embeddable":true,"href":"https:\/\/oldcomp.eu\/index.php\/wp-json\/wp\/v2\/users\/1"}],"replies":[{"embeddable":true,"href":"https:\/\/oldcomp.eu\/index.php\/wp-json\/wp\/v2\/comments?post=91"}],"version-history":[{"count":5,"href":"https:\/\/oldcomp.eu\/index.php\/wp-json\/wp\/v2\/pages\/91\/revisions"}],"predecessor-version":[{"id":245,"href":"https:\/\/oldcomp.eu\/index.php\/wp-json\/wp\/v2\/pages\/91\/revisions\/245"}],"wp:attachment":[{"href":"https:\/\/oldcomp.eu\/index.php\/wp-json\/wp\/v2\/media?parent=91"}],"curies":[{"name":"wp","href":"https:\/\/api.w.org\/{rel}","templated":true}]}}