{"id":99,"date":"2020-11-12T19:11:57","date_gmt":"2020-11-12T18:11:57","guid":{"rendered":"http:\/\/oldcomp.eu\/?page_id=99"},"modified":"2022-10-04T20:51:15","modified_gmt":"2022-10-04T18:51:15","slug":"ps2-mouse-atari-amiga","status":"publish","type":"page","link":"https:\/\/oldcomp.eu\/index.php\/ps2-mouse-atari-amiga\/","title":{"rendered":"PS2 Mouse -> Atari\/Amiga"},"content":{"rendered":"\n<p>M\u00e1te probl\u00e9m sehnat my\u0161 s D-Sub konektorem pro va\u0161e Atari \u010di Amigu? Nezoufejte a kontaktuje m\u011b pro tento skv\u011bl\u00fd p\u0159evodn\u00edk, kter\u00fd v\u00e1m z oby\u010dejn\u00e9 PS2 my\u0161i ud\u011bl\u00e1 my\u0161 pro Atari \u010di Amigu, d\u00edky v\u00fdvoji vlastn\u00edho software v\u00e1m mohu nab\u00eddnout funkci jak pro Atari tak i pro Amigu, sta\u010d\u00ed po zasunut\u00ed p\u0159evodn\u00edku a zapnut\u00ed po\u010d\u00edta\u010de podr\u017eet na my\u0161i lev\u00e9 i prav\u00e9 tla\u010d\u00edtko nar\u00e1z po dobu 5 a v\u00edce sekund a p\u0159evodn\u00edk se s\u00e1m p\u0159epne pro podporu Atari (zelen\u00e1 kontrolka) \u010di Amigy (oran\u017eov\u00e1 \u010di \u017elut\u00e1 kontrolka).<\/p>\n\n\n\n<p>Upozorn\u011bn\u00ed: Pro Atari je t\u0159eba prodlu\u017eovac\u00ed kabel pro D-Sub konektor kv\u016fli um\u00edst\u011bn\u00ed portu na po\u010d\u00edta\u010di.<\/p>\n\n\n\n<p>Cena: 500,-<\/p>\n\n\n\n<figure class=\"wp-block-image\"><img loading=\"lazy\" width=\"960\" height=\"443\" src=\"http:\/\/oldcomp.eu\/wp-content\/uploads\/2021\/02\/151467209_466279061038115_7457669921588527190_n.jpg\" alt=\"\" class=\"wp-image-179\" srcset=\"https:\/\/oldcomp.eu\/wp-content\/uploads\/2021\/02\/151467209_466279061038115_7457669921588527190_n.jpg 960w, https:\/\/oldcomp.eu\/wp-content\/uploads\/2021\/02\/151467209_466279061038115_7457669921588527190_n-300x138.jpg 300w, https:\/\/oldcomp.eu\/wp-content\/uploads\/2021\/02\/151467209_466279061038115_7457669921588527190_n-768x354.jpg 768w\" sizes=\"(max-width: 960px) 100vw, 960px\" \/><\/figure>\n","protected":false},"excerpt":{"rendered":"<p>M\u00e1te probl\u00e9m sehnat my\u0161 s D-Sub konektorem pro va\u0161e Atari \u010di Amigu? Nezoufejte a kontaktuje m\u011b pro tento skv\u011bl\u00fd p\u0159evodn\u00edk, kter\u00fd v\u00e1m z oby\u010dejn\u00e9 PS2 my\u0161i ud\u011bl\u00e1 my\u0161 pro Atari \u010di Amigu, d\u00edky v\u00fdvoji vlastn\u00edho software v\u00e1m mohu nab\u00eddnout funkci jak pro Atari tak i pro Amigu, sta\u010d\u00ed po zasunut\u00ed p\u0159evodn\u00edku a zapnut\u00ed po\u010d\u00edta\u010de podr\u017eet [&hellip;]<\/p>\n","protected":false},"author":1,"featured_media":0,"parent":0,"menu_order":0,"comment_status":"closed","ping_status":"closed","template":"","meta":[],"_links":{"self":[{"href":"https:\/\/oldcomp.eu\/index.php\/wp-json\/wp\/v2\/pages\/99"}],"collection":[{"href":"https:\/\/oldcomp.eu\/index.php\/wp-json\/wp\/v2\/pages"}],"about":[{"href":"https:\/\/oldcomp.eu\/index.php\/wp-json\/wp\/v2\/types\/page"}],"author":[{"embeddable":true,"href":"https:\/\/oldcomp.eu\/index.php\/wp-json\/wp\/v2\/users\/1"}],"replies":[{"embeddable":true,"href":"https:\/\/oldcomp.eu\/index.php\/wp-json\/wp\/v2\/comments?post=99"}],"version-history":[{"count":6,"href":"https:\/\/oldcomp.eu\/index.php\/wp-json\/wp\/v2\/pages\/99\/revisions"}],"predecessor-version":[{"id":229,"href":"https:\/\/oldcomp.eu\/index.php\/wp-json\/wp\/v2\/pages\/99\/revisions\/229"}],"wp:attachment":[{"href":"https:\/\/oldcomp.eu\/index.php\/wp-json\/wp\/v2\/media?parent=99"}],"curies":[{"name":"wp","href":"https:\/\/api.w.org\/{rel}","templated":true}]}}